{"id":906,"date":"2021-11-17T16:44:46","date_gmt":"2021-11-17T21:44:46","guid":{"rendered":"https:\/\/geiselmed.dartmouth.edu\/nhinbre\/?page_id=906"},"modified":"2022-07-23T10:02:17","modified_gmt":"2022-07-23T14:02:17","slug":"resume-and-cover-letter","status":"publish","type":"page","link":"https:\/\/geiselmed.dartmouth.edu\/nhinbre\/inbre-101-resources\/student-career-planning\/resume-and-cover-letter\/","title":{"rendered":"R\u00e9sum\u00e9 and Cover Letter"},"content":{"rendered":"<p>When you are applying for almost any job, you need to have a r\u00e9sum\u00e9 and cover letter. Together, these two documents form the foundation of getting you to the first real step in a job application: an interview.<\/p>\n<p>The cover letter tells the reader why you are the right candidate for the position. It is not a recitation of the r\u00e9sum\u00e9. The r\u00e9sum\u00e9 is a succinct listing of your relevant work experience, your education and your personal interests. Your r\u00e9sum\u00e9 will help the reader get a quick understanding of your qualifications. Both documents should be written to respond to the industry and position you are applying for. Pay close attention to having correct grammar and accurate spelling essential; mistakes in grammar and spelling can result in your application being rejected.<\/p>\n<p>Your <a href=\"\/nhinbre\/inbre-101-resources\/mentoring-with-nh-inbre-alumni\/\">NH-INBRE mentor<\/a> is a very useful resource in helping you prepare the best r\u00e9sum\u00e9 and cover letter you can. Start the process early so that you have plenty of time for revisions and corrections before you need to send out your r\u00e9sum\u00e9 and cover letter.<\/p>\n","protected":false},"excerpt":{"rendered":"<p>When you are applying for almost any job, you need to have a r\u00e9sum\u00e9 and cover letter. Together, these two documents form the foundation of getting you to the first real step in a job application: an interview. The cover letter tells the reader why you are the right candidate [\u2026] <\/p>\n<div class=\"clear\"><\/div>\n<p><a class=\"more_link clearfix\" href=\"https:\/\/geiselmed.dartmouth.edu\/nhinbre\/inbre-101-resources\/student-career-planning\/resume-and-cover-letter\/\" rel=\"nofollow\">Read More<\/a><\/p>\n","protected":false},"author":36,"featured_media":0,"parent":890,"menu_order":1,"comment_status":"closed","ping_status":"closed","template":"","meta":{"footnotes":""},"class_list":["post-906","page","type-page","status-publish","hentry","author-36"],"jetpack_shortlink":"https:\/\/wp.me\/PbtsZW-eC","jetpack_sharing_enabled":true,"_links":{"self":[{"href":"https:\/\/geiselmed.dartmouth.edu\/nhinbre\/wp-json\/wp\/v2\/pages\/906","targetHints":{"allow":["GET"]}}],"collection":[{"href":"https:\/\/geiselmed.dartmouth.edu\/nhinbre\/wp-json\/wp\/v2\/pages"}],"about":[{"href":"https:\/\/geiselmed.dartmouth.edu\/nhinbre\/wp-json\/wp\/v2\/types\/page"}],"author":[{"embeddable":true,"href":"https:\/\/geiselmed.dartmouth.edu\/nhinbre\/wp-json\/wp\/v2\/users\/36"}],"replies":[{"embeddable":true,"href":"https:\/\/geiselmed.dartmouth.edu\/nhinbre\/wp-json\/wp\/v2\/comments?post=906"}],"version-history":[{"count":4,"href":"https:\/\/geiselmed.dartmouth.edu\/nhinbre\/wp-json\/wp\/v2\/pages\/906\/revisions"}],"predecessor-version":[{"id":1391,"href":"https:\/\/geiselmed.dartmouth.edu\/nhinbre\/wp-json\/wp\/v2\/pages\/906\/revisions\/1391"}],"up":[{"embeddable":true,"href":"https:\/\/geiselmed.dartmouth.edu\/nhinbre\/wp-json\/wp\/v2\/pages\/890"}],"wp:attachment":[{"href":"https:\/\/geiselmed.dartmouth.edu\/nhinbre\/wp-json\/wp\/v2\/media?parent=906"}],"curies":[{"name":"wp","href":"https:\/\/api.w.org\/{rel}","templated":true}]}}