{"id":41,"date":"2020-11-09T08:11:25","date_gmt":"2020-11-09T13:11:25","guid":{"rendered":"https:\/\/geiselmed.dartmouth.edu\/nhinbre\/?page_id=41"},"modified":"2025-11-17T08:59:27","modified_gmt":"2025-11-17T13:59:27","slug":"nh-inbre-leadership","status":"publish","type":"page","link":"https:\/\/geiselmed.dartmouth.edu\/nhinbre\/about-us\/nh-inbre-leadership\/","title":{"rendered":"NH-INBRE Leadership"},"content":{"rendered":"<p>NH-INBRE has a unique organizational structure. Steve Fiering, PI, leads the project, in collaboration with two other leaders, Bill Green, Yina Huang who each manage different functions. The Administrative team, including program manager, evaluation manager, and compliance director support the leaders in administering NH-INBRE. The Bioinformatics\/Data Science Core Director, Kelley Thomas, manages the Bioinformatics Core. All of these parties interact with the NH-INBRE partner institutions in unique ways that pertain to their own programs.<\/p>\n<p>&nbsp;<\/p>\n<p><img loading=\"lazy\" decoding=\"async\" class=\"wp-image-236 size-thumbnail alignleft\" src=\"https:\/\/geiselmed.dartmouth.edu\/nhinbre\/wp-content\/uploads\/sites\/57\/2020\/11\/steve-150x150.png\" alt=\"\" width=\"150\" height=\"150\" \/>Steve N. Fiering, Ph.D.<br \/>\nNH-INBRE PI<br \/>\nProfessor, Microbiology and Immunology<br \/>\nGeisel School of Medicine at Dartmouth<br \/>\n<a href=\"mailto:Steven.N.Fiering@dartmouth.edu\">Steven.N.Fiering@dartmouth.edu<\/a><\/p>\n<p>&nbsp;<\/p>\n<p><img loading=\"lazy\" decoding=\"async\" class=\"wp-image-238 size-thumbnail alignleft\" src=\"https:\/\/geiselmed.dartmouth.edu\/nhinbre\/wp-content\/uploads\/sites\/57\/2020\/11\/ISURF-Orient-Mtg2-150x150.jpg\" alt=\"\" width=\"150\" height=\"150\" \/>Yina H. Huang, Ph.D.<br \/>\nNH-INBRE Program Coordinator<br \/>\nDirector of NH-INBRE Developmental Research Projects Program\u00a0 (DRPP)<br \/>\nAssociate Professor, Microbiology and Immunology<br \/>\nGeisel School of Medicine at Dartmouth<br \/>\n<a href=\"mailto:Yina.H.Huang@dartmouth.edu\">Yina.H.Huang@dartmouth.edu<\/a><\/p>\n<p><img loading=\"lazy\" decoding=\"async\" class=\"wp-image-3060 alignleft\" src=\"https:\/\/geiselmed.dartmouth.edu\/nhinbre\/wp-content\/uploads\/sites\/57\/2025\/11\/patricia_pioli-2-284x300.jpg\" alt=\"\" width=\"149\" height=\"158\" srcset=\"https:\/\/geiselmed.dartmouth.edu\/nhinbre\/wp-content\/uploads\/sites\/57\/2025\/11\/patricia_pioli-2-284x300.jpg 284w, https:\/\/geiselmed.dartmouth.edu\/nhinbre\/wp-content\/uploads\/sites\/57\/2025\/11\/patricia_pioli-2-52x55.jpg 52w, https:\/\/geiselmed.dartmouth.edu\/nhinbre\/wp-content\/uploads\/sites\/57\/2025\/11\/patricia_pioli-2-580x613.jpg 580w, https:\/\/geiselmed.dartmouth.edu\/nhinbre\/wp-content\/uploads\/sites\/57\/2025\/11\/patricia_pioli-2.jpg 592w\" sizes=\"auto, (max-width: 149px) 100vw, 149px\" \/>Patricia Pioli<br \/>\nDirector of the NH-INBRE Student Research Program<br \/>\nAssociate Professor, Microbiology and Immunology<br \/>\nGeisel School of Medicine at Dartmouth<br \/>\n<a href=\"mailto:pioli@dartmouth.edu\">pioli@dartmouth.edu<\/a><\/p>\n<p>&nbsp;<\/p>\n<p><img loading=\"lazy\" decoding=\"async\" class=\"wp-image-237 size-thumbnail alignleft\" src=\"https:\/\/geiselmed.dartmouth.edu\/nhinbre\/wp-content\/uploads\/sites\/57\/2020\/11\/Bill-150x150.png\" alt=\"\" width=\"150\" height=\"150\" \/><\/p>\n<p>William R. Green, Ph.D.<br \/>\nDirector of the NH-INBRE Collaborative Research Core<br \/>\nProfessor, Microbiology and Immunology<br \/>\nGeisel School of Medicine at Dartmouth<br \/>\n<a href=\"mailto:William.R.Green@dartmouth.edu\">William.R.Green@dartmouth.edu<\/a><\/p>\n<p>&nbsp;<\/p>\n<p><img loading=\"lazy\" decoding=\"async\" class=\"wp-image-233 size-thumbnail alignleft\" src=\"https:\/\/geiselmed.dartmouth.edu\/nhinbre\/wp-content\/uploads\/sites\/57\/2020\/11\/Kelley-150x150.png\" alt=\"\" width=\"150\" height=\"150\" \/><\/p>\n<p>W. Kelley Thomas, Ph.D.<br \/>\nDirector of NH-INBRE Bioinformatics\/Data Science Core<br \/>\nDirector, Hubbard Professor in Genomics<br \/>\nUniversity of New Hampshire<br \/>\n<a href=\"mailto:Kelley.Thomas@unh.edu\">Kelley.Thomas@unh.edu<\/a><\/p>\n<p>&nbsp;<\/p>\n<p><img loading=\"lazy\" decoding=\"async\" class=\" wp-image-3061 alignleft\" src=\"https:\/\/geiselmed.dartmouth.edu\/nhinbre\/wp-content\/uploads\/sites\/57\/2025\/11\/Screenshot-2025-11-10-at-4.28.34-PM-257x300.png\" alt=\"\" width=\"157\" height=\"183\" srcset=\"https:\/\/geiselmed.dartmouth.edu\/nhinbre\/wp-content\/uploads\/sites\/57\/2025\/11\/Screenshot-2025-11-10-at-4.28.34-PM-257x300.png 257w, https:\/\/geiselmed.dartmouth.edu\/nhinbre\/wp-content\/uploads\/sites\/57\/2025\/11\/Screenshot-2025-11-10-at-4.28.34-PM-47x55.png 47w, https:\/\/geiselmed.dartmouth.edu\/nhinbre\/wp-content\/uploads\/sites\/57\/2025\/11\/Screenshot-2025-11-10-at-4.28.34-PM.png 476w\" sizes=\"auto, (max-width: 157px) 100vw, 157px\" \/>Ol\u00fawat\u00f3y\u00ecn Aj\u00edb\u1ecd\u0301l\u00e1 A\u1e63oj\u00f2, PhD<br \/>\nCourse-based Undergraduate Research Experience Coordinator (CURE)<br \/>\nAssociate Director for Inclusive Excellence<br \/>\nDartmouth Cancer Center<br \/>\n<a class=\"ms-outlook-linkify\" href=\"mailto:Oluwatoyin.A.Asojo@dartmouth.edu\">Oluwatoyin.A.Asojo@dartmouth.edu<\/a><\/p>\n<p>&nbsp;<\/p>\n<p>&nbsp;<\/p>\n<p><img loading=\"lazy\" decoding=\"async\" class=\"wp-image-240 size-thumbnail alignleft\" src=\"https:\/\/geiselmed.dartmouth.edu\/nhinbre\/wp-content\/uploads\/sites\/57\/2020\/11\/me2-150x150.jpg\" alt=\"\" width=\"150\" height=\"150\" \/>Jennifer J. Therriault<br \/>\nNH-INBRE Program Manager<br \/>\nDepartment of Microbiology and Immunology<br \/>\nGeisel School of Medicine at Dartmouth<br \/>\n<a href=\"mailto:Jennifer.J.therriault@dartmouth.edu\">Jennifer.J.Therriault@dartmouth.edu<\/a><\/p>\n<p>&nbsp;<\/p>\n<p><img loading=\"lazy\" decoding=\"async\" class=\"alignleft wp-image-2951 size-thumbnail\" src=\"https:\/\/geiselmed.dartmouth.edu\/nhinbre\/wp-content\/uploads\/sites\/57\/2025\/06\/J-Wenner-headshot-150x150.jpg\" alt=\"\" width=\"150\" height=\"150\" \/><\/p>\n<p>Jennifer R. Wenner, Ph.D.<br \/>\nNH-INBRE Internal Evaluation\u00a0Manager<br \/>\nSenior Research Scientist, Center for Program Design and Evaluation (CPDE)<br \/>\nGeisel School of Medicine at Dartmouth<br \/>\n<a href=\"Jennifer.R.Wenner@dartmouth.edu\" target=\"_blank\" rel=\"noopener\">Jennifer.R.Wenner@dartmouth.edu<\/a><\/p>\n<p>&nbsp;<\/p>\n<p><img loading=\"lazy\" decoding=\"async\" class=\"wp-image-235 size-thumbnail alignleft\" src=\"https:\/\/geiselmed.dartmouth.edu\/nhinbre\/wp-content\/uploads\/sites\/57\/2020\/11\/Nancy-150x150.png\" alt=\"\" width=\"150\" height=\"150\" \/><\/p>\n<p>Nancy J. Wray<br \/>\nNH-INBRE Compliance Director<br \/>\nDirector Emerita, Office of Sponsored Projects<br class=\"\" \/>Dartmouth College<br class=\"\" \/><a class=\"\" title=\"mailto:nancy.wray@dartmouth.edu\" href=\"mailto:nancy.wray@dartmouth.edu\">Nancy.Wray@dartmouth.edu<\/a><\/p>\n<p>&nbsp;<\/p>\n<p>&nbsp;<\/p>\n<p>For general questions on NH-INBRE, contact <strong>Jennifer Therriault, Program Manager,<\/strong> at Jennifer.J.Therriault@Dartmouth.edu<\/p>\n<p>&nbsp;<\/p>\n<p>&nbsp;<\/p>\n","protected":false},"excerpt":{"rendered":"<p>NH-INBRE has a unique organizational structure. Steve Fiering, PI, leads the project, in collaboration with two other leaders, Bill Green, Yina Huang who each manage different functions. The Administrative team, including program manager, evaluation manager, and compliance director support the leaders in administering NH-INBRE. The Bioinformatics\/Data Science Core Director, Kelley [\u2026] <\/p>\n<div class=\"clear\"><\/div>\n<p><a class=\"more_link clearfix\" href=\"https:\/\/geiselmed.dartmouth.edu\/nhinbre\/about-us\/nh-inbre-leadership\/\" rel=\"nofollow\">Read More<\/a><\/p>\n","protected":false},"author":141,"featured_media":0,"parent":24,"menu_order":0,"comment_status":"closed","ping_status":"closed","template":"","meta":{"footnotes":""},"class_list":["post-41","page","type-page","status-publish","hentry","author-141"],"jetpack_shortlink":"https:\/\/wp.me\/PbtsZW-F","jetpack_sharing_enabled":true,"_links":{"self":[{"href":"https:\/\/geiselmed.dartmouth.edu\/nhinbre\/wp-json\/wp\/v2\/pages\/41","targetHints":{"allow":["GET"]}}],"collection":[{"href":"https:\/\/geiselmed.dartmouth.edu\/nhinbre\/wp-json\/wp\/v2\/pages"}],"about":[{"href":"https:\/\/geiselmed.dartmouth.edu\/nhinbre\/wp-json\/wp\/v2\/types\/page"}],"author":[{"embeddable":true,"href":"https:\/\/geiselmed.dartmouth.edu\/nhinbre\/wp-json\/wp\/v2\/users\/141"}],"replies":[{"embeddable":true,"href":"https:\/\/geiselmed.dartmouth.edu\/nhinbre\/wp-json\/wp\/v2\/comments?post=41"}],"version-history":[{"count":19,"href":"https:\/\/geiselmed.dartmouth.edu\/nhinbre\/wp-json\/wp\/v2\/pages\/41\/revisions"}],"predecessor-version":[{"id":239,"href":"https:\/\/geiselmed.dartmouth.edu\/nhinbre\/wp-json\/wp\/v2\/pages\/41\/revisions\/239"}],"up":[{"embeddable":true,"href":"https:\/\/geiselmed.dartmouth.edu\/nhinbre\/wp-json\/wp\/v2\/pages\/24"}],"wp:attachment":[{"href":"https:\/\/geiselmed.dartmouth.edu\/nhinbre\/wp-json\/wp\/v2\/media?parent=41"}],"curies":[{"name":"wp","href":"https:\/\/api.w.org\/{rel}","templated":true}]}}